{"id":2328,"date":"2020-12-09T14:03:29","date_gmt":"2020-12-09T13:03:29","guid":{"rendered":"http:\/\/45.152.250.15\/~felicanis\/zuhause\/"},"modified":"2025-07-25T16:08:36","modified_gmt":"2025-07-25T14:08:36","slug":"zuhause","status":"publish","type":"page","link":"https:\/\/www.felicanis.be\/de\/","title":{"rendered":"Zuhause"},"content":{"rendered":"<section class=\"growl-component-hero\" style=\"background-image: url(https://assets.felicanis.be/de/https:\/\/assets.felicanis.be\/wp-content\/uploads\/cristian-castillo-73pyV0JJOmE-unsplash-e1697543430255.jpg)\">\n\t<div class=\"growl-component-advantages\">\n\t<div class=\"growl-component-container\">\n    \t\t\t<ul class=\"growl-component-advantages__list\">\n\t\t\t\t\t\t\t\t\t<li class=\"growl-component-advantages__point\">\n\t\t\t\t\t\t<div class=\"growl-component-advantages__check\"><svg xmlns=\"http:\/\/www.w3.org\/2000\/svg\" viewBox=\"0 0 512 512\"><!-- Font Awesome Pro 5.15.1 by @fontawesome - https:\/\/fontawesome.com License - https:\/\/fontawesome.com\/license (Commercial License) --><path d=\"M173.898 439.404l-166.4-166.4c-9.997-9.997-9.997-26.206 0-36.204l36.203-36.204c9.997-9.998 26.207-9.998 36.204 0L192 312.69 432.095 72.596c9.997-9.997 26.207-9.997 36.204 0l36.203 36.204c9.997 9.997 9.997 26.206 0 36.204l-294.4 294.401c-9.998 9.997-26.207 9.997-36.204-.001z\"\/><\/svg><\/div> HAUSLIEFERUNG M\u00d6GLICH\n\t\t\t\t\t<\/li>\n\t\t\t\t\t\t\t\t\t<li class=\"growl-component-advantages__point\">\n\t\t\t\t\t\t<div class=\"growl-component-advantages__check\"><svg xmlns=\"http:\/\/www.w3.org\/2000\/svg\" viewBox=\"0 0 512 512\"><!-- Font Awesome Pro 5.15.1 by @fontawesome - https:\/\/fontawesome.com License - https:\/\/fontawesome.com\/license (Commercial License) --><path d=\"M173.898 439.404l-166.4-166.4c-9.997-9.997-9.997-26.206 0-36.204l36.203-36.204c9.997-9.998 26.207-9.998 36.204 0L192 312.69 432.095 72.596c9.997-9.997 26.207-9.997 36.204 0l36.203 36.204c9.997 9.997 9.997 26.206 0 36.204l-294.4 294.401c-9.998 9.997-26.207 9.997-36.204-.001z\"\/><\/svg><\/div> 25+ JAHRE ERFAHRUNG\n\t\t\t\t\t<\/li>\n\t\t\t\t\t\t\t\t\t<li class=\"growl-component-advantages__point\">\n\t\t\t\t\t\t<div class=\"growl-component-advantages__check\"><svg xmlns=\"http:\/\/www.w3.org\/2000\/svg\" viewBox=\"0 0 512 512\"><!-- Font Awesome Pro 5.15.1 by @fontawesome - https:\/\/fontawesome.com License - https:\/\/fontawesome.com\/license (Commercial License) --><path d=\"M173.898 439.404l-166.4-166.4c-9.997-9.997-9.997-26.206 0-36.204l36.203-36.204c9.997-9.998 26.207-9.998 36.204 0L192 312.69 432.095 72.596c9.997-9.997 26.207-9.997 36.204 0l36.203 36.204c9.997 9.997 9.997 26.206 0 36.204l-294.4 294.401c-9.998 9.997-26.207 9.997-36.204-.001z\"\/><\/svg><\/div> AUTORISIERTER KENNEL MIT GARANTIE\n\t\t\t\t\t<\/li>\n\t\t\t\t\t\t\t\t\t<li class=\"growl-component-advantages__point\">\n\t\t\t\t\t\t<div class=\"growl-component-advantages__check\"><svg xmlns=\"http:\/\/www.w3.org\/2000\/svg\" viewBox=\"0 0 512 512\"><!-- Font Awesome Pro 5.15.1 by @fontawesome - https:\/\/fontawesome.com License - https:\/\/fontawesome.com\/license (Commercial License) --><path d=\"M173.898 439.404l-166.4-166.4c-9.997-9.997-9.997-26.206 0-36.204l36.203-36.204c9.997-9.998 26.207-9.998 36.204 0L192 312.69 432.095 72.596c9.997-9.997 26.207-9.997 36.204 0l36.203 36.204c9.997 9.997 9.997 26.206 0 36.204l-294.4 294.401c-9.998 9.997-26.207 9.997-36.204-.001z\"\/><\/svg><\/div> 100% KONFORMIT\u00c4T DER GESETZE\n\t\t\t\t\t<\/li>\n\t\t\t\t\t\t\t\t\t<li class=\"growl-component-advantages__point\">\n\t\t\t\t\t\t<div class=\"growl-component-advantages__check\"><svg xmlns=\"http:\/\/www.w3.org\/2000\/svg\" viewBox=\"0 0 512 512\"><!-- Font Awesome Pro 5.15.1 by @fontawesome - https:\/\/fontawesome.com License - https:\/\/fontawesome.com\/license (Commercial License) --><path d=\"M173.898 439.404l-166.4-166.4c-9.997-9.997-9.997-26.206 0-36.204l36.203-36.204c9.997-9.998 26.207-9.998 36.204 0L192 312.69 432.095 72.596c9.997-9.997 26.207-9.997 36.204 0l36.203 36.204c9.997 9.997 9.997 26.206 0 36.204l-294.4 294.401c-9.998 9.997-26.207 9.997-36.204-.001z\"\/><\/svg><\/div> GUTE LEITFADEN\n\t\t\t\t\t<\/li>\n\t\t\t\t\t\t\t<\/ul>\n\t\t<\/div>\n<\/div>    <div class=\"growl-component-container\">\n                <div class=\"growl-component-hero__wrapper\">            \n                <h1>Spezialisierte <a href=\"https:\/\/www.felicanis.be\/de\/welpen\/\">Hundeh\u00fctte.<\/a><\/h1>\n              \n            <\/div>\n            <\/div>\n             \n<\/section>\n\n\n<section class=\"growl-component-popular-breeds growl-component-popular-breeds--has-bg\">\n    <div class=\"growl-component-container\">\n                <div class=\"growl-component-popular-breeds__wrapper\">\n                <div class=\"growl-component-popular-breeds__header\">\n                    \n<div class=\"growl-component-heading growl-component-heading--margin-md\">\n    <div class=\"h3\">Beliebte Welpen<\/div>\n    <\/div>\n                                            \n    \n<a href='https:\/\/www.felicanis.be\/de\/welpen\/' class=\"growl-component-button\" role=\"button\" >\n            Alle Hunderassen\n    <\/a>\n                                    <\/div>\n                <div class=\"growl-component-popular-breeds__items\">\n                                                                    <article class=\"growl-component-breed-card \"  >\n\t<figure class=\"growl-component-breed-card__figure\">\n\t\t\t\t\t<div class=\"growl-component-breed-card__availability\">\n\t\t\t\tVerf\u00fcgbar\n\t\t\t<\/div>\n\t\t\t\t<a href=\"https:\/\/www.felicanis.be\/de\/rasse\/australischer-schaferhund\/\" class=\"growl-component-breed-card__photo\">\n\t\t\t<img decoding=\"async\" src=\"https:\/\/assets.felicanis.be\/wp-content\/uploads\/australische-herder-300x214.jpg\" alt=\"Australischer Sch\u00e4ferhund\" width=\"300\" height=\"214\">\n\t\t<\/a>\n\t\t<figcaption class=\"growl-component-breed-card__caption\">\n\t\t\t<a href=\"https:\/\/www.felicanis.be\/de\/rasse\/australischer-schaferhund\/\">Australischer Sch\u00e4ferhund<\/a>\n\t\t<\/figcaption>\n\t<\/figure>\n<\/article>\n                                                                    <article class=\"growl-component-breed-card \"  >\n\t<figure class=\"growl-component-breed-card__figure\">\n\t\t\t\t\t<div class=\"growl-component-breed-card__availability\">\n\t\t\t\tVerf\u00fcgbar\n\t\t\t<\/div>\n\t\t\t\t<a href=\"https:\/\/www.felicanis.be\/de\/rasse\/deutscher-schaferhund\/\" class=\"growl-component-breed-card__photo\">\n\t\t\t<img decoding=\"async\" src=\"https:\/\/assets.felicanis.be\/wp-content\/uploads\/duitse-herder-200x300.jpg\" alt=\"Deutscher Sch\u00e4ferhund\" width=\"200\" height=\"300\">\n\t\t<\/a>\n\t\t<figcaption class=\"growl-component-breed-card__caption\">\n\t\t\t<a href=\"https:\/\/www.felicanis.be\/de\/rasse\/deutscher-schaferhund\/\">Deutscher Sch\u00e4ferhund<\/a>\n\t\t<\/figcaption>\n\t<\/figure>\n<\/article>\n                                                                    <article class=\"growl-component-breed-card \"  >\n\t<figure class=\"growl-component-breed-card__figure\">\n\t\t\t\t\t<div class=\"growl-component-breed-card__availability\">\n\t\t\t\tVerf\u00fcgbar\n\t\t\t<\/div>\n\t\t\t\t<a href=\"https:\/\/www.felicanis.be\/de\/rasse\/labrador\/\" class=\"growl-component-breed-card__photo\">\n\t\t\t<img decoding=\"async\" src=\"https:\/\/assets.felicanis.be\/wp-content\/uploads\/labrador-e1599756628794-246x300.jpg\" alt=\"Labrador\" width=\"246\" height=\"300\">\n\t\t<\/a>\n\t\t<figcaption class=\"growl-component-breed-card__caption\">\n\t\t\t<a href=\"https:\/\/www.felicanis.be\/de\/rasse\/labrador\/\">Labrador<\/a>\n\t\t<\/figcaption>\n\t<\/figure>\n<\/article>\n                                                                    <article class=\"growl-component-breed-card \"  >\n\t<figure class=\"growl-component-breed-card__figure\">\n\t\t\t\t<a href=\"https:\/\/www.felicanis.be\/de\/rasse\/maltesisch\/\" class=\"growl-component-breed-card__photo\">\n\t\t\t<img decoding=\"async\" src=\"https:\/\/assets.felicanis.be\/wp-content\/uploads\/maltezer-300x300.jpg\" alt=\"maltesisch\" width=\"300\" height=\"300\">\n\t\t<\/a>\n\t\t<figcaption class=\"growl-component-breed-card__caption\">\n\t\t\t<a href=\"https:\/\/www.felicanis.be\/de\/rasse\/maltesisch\/\">maltesisch<\/a>\n\t\t<\/figcaption>\n\t<\/figure>\n<\/article>\n                                                                    <article class=\"growl-component-breed-card \"  >\n\t<figure class=\"growl-component-breed-card__figure\">\n\t\t\t\t\t<div class=\"growl-component-breed-card__availability\">\n\t\t\t\tVerf\u00fcgbar\n\t\t\t<\/div>\n\t\t\t\t<a href=\"https:\/\/www.felicanis.be\/de\/rasse\/pommern-2\/\" class=\"growl-component-breed-card__photo\">\n\t\t\t<img decoding=\"async\" src=\"https:\/\/assets.felicanis.be\/wp-content\/uploads\/pomeriaan_SS_267743438_small-189x300.jpg\" alt=\"Pommern\" width=\"189\" height=\"300\">\n\t\t<\/a>\n\t\t<figcaption class=\"growl-component-breed-card__caption\">\n\t\t\t<a href=\"https:\/\/www.felicanis.be\/de\/rasse\/pommern-2\/\">Pommern<\/a>\n\t\t<\/figcaption>\n\t<\/figure>\n<\/article>\n                                                                    <article class=\"growl-component-breed-card \"  >\n\t<figure class=\"growl-component-breed-card__figure\">\n\t\t\t\t\t<div class=\"growl-component-breed-card__availability\">\n\t\t\t\tVerf\u00fcgbar\n\t\t\t<\/div>\n\t\t\t\t<a href=\"https:\/\/www.felicanis.be\/de\/rasse\/yorkshire-terrier\/\" class=\"growl-component-breed-card__photo\">\n\t\t\t<img decoding=\"async\" src=\"https:\/\/assets.felicanis.be\/wp-content\/uploads\/york-shire-235x300.jpg\" alt=\"Yorkshire-Terrier\" width=\"235\" height=\"300\">\n\t\t<\/a>\n\t\t<figcaption class=\"growl-component-breed-card__caption\">\n\t\t\t<a href=\"https:\/\/www.felicanis.be\/de\/rasse\/yorkshire-terrier\/\">Yorkshire-Terrier<\/a>\n\t\t<\/figcaption>\n\t<\/figure>\n<\/article>\n                                    <\/div>\n            <\/div>\n        <\/div>\n<\/section>\n\n\n\n\n<section class=\"growl-component-visual growl-component-visual--has-bg growl-component-visual--is-over-media growl-component-visual--has-media\">\n    <div class=\"growl-component-container\">\n                                <figure class=\"growl-component-visual__media growl-component-visual__media--image\">\n                                            <img decoding=\"async\" src=\"https:\/\/assets.felicanis.be\/wp-content\/uploads\/felicanis-5-1-1024x768-1.jpeg\" alt=\"\" width=\"1024\" height=\"768\">\n                                    <\/figure>\n                        <article class=\"growl-component-visual__content\">\n                \n<div class=\"growl-component-heading growl-component-heading--margin-md\">\n    <div class=\"h1\">Aus Liebe zu Tieren<\/div>\n    <\/div>\n                <div class=\"growl-component-visual__text\">\n                    <p>Felicanis ist ein innovativer Zwinger, in dem der Tierschutz im Mittelpunkt steht. Wir haben mehr als 25 Jahre Erfahrung im Gesch\u00e4ft und sind auf sch\u00f6ne <a href=\"https:\/\/www.felicanis.be\/de\/welpen\/\">Welpen<\/a>.<\/p>\n<p>Wir lieben Tiere. Deshalb halten wir uns strikt an das belgische Recht. Nat\u00fcrlich h\u00f6rt es hier nicht auf. Wir sorgen auch w\u00e4hrend ihrer Erziehung f\u00fcr die notwendige medizinische und liebevolle Betreuung. Dar\u00fcber hinaus bieten wir ausreichend Platz (auch drau\u00dfen), wo sich unsere Welpen.<\/p>\n\n                <\/div>\n                                    \n    \n<a href='https:\/\/www.felicanis.be\/de\/ueber-uns\/' class=\"growl-component-button\" role=\"button\" >\n            \u00dcber uns\n    <\/a>\n                            <\/article>\n        <\/div>\n<\/section>\n\n\n\n<div class=\"growl-component-container growl-component-container--has-margin\">\n            \n    <\/div>\n","protected":false},"excerpt":{"rendered":"","protected":false},"author":1,"featured_media":0,"parent":0,"menu_order":0,"comment_status":"closed","ping_status":"closed","template":"","meta":{"_acf_changed":false,"footnotes":""},"class_list":["post-2328","page","type-page","status-publish","hentry"],"acf":[],"_links":{"self":[{"href":"https:\/\/www.felicanis.be\/de\/wp-json\/wp\/v2\/pages\/2328","targetHints":{"allow":["GET"]}}],"collection":[{"href":"https:\/\/www.felicanis.be\/de\/wp-json\/wp\/v2\/pages"}],"about":[{"href":"https:\/\/www.felicanis.be\/de\/wp-json\/wp\/v2\/types\/page"}],"author":[{"embeddable":true,"href":"https:\/\/www.felicanis.be\/de\/wp-json\/wp\/v2\/users\/1"}],"replies":[{"embeddable":true,"href":"https:\/\/www.felicanis.be\/de\/wp-json\/wp\/v2\/comments?post=2328"}],"version-history":[{"count":11,"href":"https:\/\/www.felicanis.be\/de\/wp-json\/wp\/v2\/pages\/2328\/revisions"}],"predecessor-version":[{"id":3118,"href":"https:\/\/www.felicanis.be\/de\/wp-json\/wp\/v2\/pages\/2328\/revisions\/3118"}],"wp:attachment":[{"href":"https:\/\/www.felicanis.be\/de\/wp-json\/wp\/v2\/media?parent=2328"}],"curies":[{"name":"wp","href":"https:\/\/api.w.org\/{rel}","templated":true}]}}