{"id":2413,"date":"2020-12-09T14:03:58","date_gmt":"2020-12-09T13:03:58","guid":{"rendered":"http:\/\/45.152.250.15\/~felicanis\/datenschutz-bestimmungen\/"},"modified":"2020-12-09T20:22:26","modified_gmt":"2020-12-09T19:22:26","slug":"datenschutz-bestimmungen","status":"publish","type":"page","link":"https:\/\/www.felicanis.be\/de\/datenschutz-bestimmungen\/","title":{"rendered":"Datenschutz-Bestimmungen"},"content":{"rendered":"\n<div class=\"growl-component-container growl-component-container--has-margin\">\n            \n\n<p><em>Diese Datenschutzrichtlinie wurde zuletzt am 9. August 2019 aktualisiert.<\/em><\/p>\n\n\n\n<h3 class=\"wp-block-heading\">KONTAKTDETAILS<\/h3>\n\n\n\n<p>Hoeve Hoogland BVBA verarbeitet personenbezogene Daten gem\u00e4\u00df dieser Datenschutzerkl\u00e4rung. F\u00fcr weitere Informationen, Fragen oder Kommentare zu unserer Datenschutzrichtlinie wenden Sie sich bitte an Hoeve Hoogland BVBA, Hoek 53, 2460 Kasterlee, \u00fcber info@felicanis.be und www.felicanis.be.<\/p>\n\n\n\n<h3 class=\"wp-block-heading\">VERARBEITUNGSZWECKE<\/h3>\n\n\n\n<p>Hoeve Hoogland BVBA sammelt und verarbeitet die personenbezogenen Daten seiner Kunden zu Verwaltungszwecken.<\/p>\n\n\n\n<h3 class=\"wp-block-heading\">RECHTLICHE GRUNDLAGE (n) DER VERARBEITUNG<\/h3>\n\n\n\n<p>Personenbezogene Daten werden auf der Grundlage von Artikel 6.1 verarbeitet. a) Zustimmung und f) notwendig f\u00fcr die Vertretung des berechtigten Interesses an der Durchf\u00fchrung der Allgemeinen Datenschutzverordnung.<\/p>\n\n\n\n<p>Soweit die Verarbeitung personenbezogener Daten auf der Grundlage von Artikel 6.1 erfolgt. a) (Einwilligung), der Kunde hat immer das Recht, die erteilte Einwilligung zu widerrufen.<\/p>\n\n\n\n<h3 class=\"wp-block-heading\">\u00dcBERTRAGUNG AN DRITTE<\/h3>\n\n\n\n<p>Wir geben keine pers\u00f6nlichen Daten an andere Unternehmen und Organisationen weiter und \/ oder verkaufen diese nicht.<\/p>\n\n\n\n<h3 class=\"wp-block-heading\">DATEN\u00dcBERTRAGUNG AUSSERHALB DER EU<\/h3>\n\n\n\n<p>Eine Reihe von Daten wird au\u00dferhalb der EU verarbeitet:<\/p>\n\n\n\n<h4 class=\"wp-block-heading\">ANALYTIK<\/h4>\n\n\n\n<p>Diese Website enth\u00e4lt Cookies von Google Analytics zur Analyse des Datenverkehrs auf dieser Website. Google ist ein amerikanisches Unternehmen, das dem Privacy Shield Framework unterliegt. Sie k\u00f6nnen die Datenschutzbestimmungen von Google \u00fcberpr\u00fcfen<a href=\"https:\/\/policies.google.com\/privacy\" target=\"_blank\" rel=\"noopener\"> Hier<\/a> durchlesen.<\/p>\n\n\n\n<h4 class=\"wp-block-heading\">FACEBOOK<\/h4>\n\n\n\n<p>Diese Website verwendet den Facebook Like Button. Sie k\u00f6nnen die Datenschutzbestimmungen von Facebook \u00fcberpr\u00fcfen<a href=\"https:\/\/www.facebook.com\/about\/privacy\/update\" target=\"_blank\" rel=\"noopener\"> Hier<\/a> durchlesen. Facebook funktioniert auch unter dem Privacy Shield Framework.<\/p>\n\n\n\n<h4 class=\"wp-block-heading\">CLOUDFLARE<\/h4>\n\n\n\n<p>CloudFlare wird verwendet, um diese Website vor externen Bedrohungen zu sch\u00fctzen und das Surferlebnis des Besuchers zu verbessern. Sie k\u00f6nnen die Datenschutzbestimmungen von CloudFlare \u00fcberpr\u00fcfen<a href=\"https:\/\/www.cloudflare.com\/privacypolicy\/\" target=\"_blank\" rel=\"noopener\"> Hier<\/a> konsultieren.<\/p>\n\n\n\n<h3 class=\"wp-block-heading\">AUFBEWAHRUNGSFRIST<\/h3>\n\n\n\n<p>Die f\u00fcr die Kundenverwaltung verarbeiteten personenbezogenen Daten werden f\u00fcr den Zeitraum aufbewahrt, der zur Erf\u00fcllung der gesetzlichen Anforderungen erforderlich ist (7 Jahre f\u00fcr die Rechnungslegung). F\u00fcr personenbezogene Daten, die aufgrund einer Einwilligung verarbeitet werden (z. B. aber nicht ausschlie\u00dflich zu Marketingzwecken), gilt eine Aufbewahrungsfrist von 5 Jahren nach Nutzung der letzten Aktivit\u00e4t.<\/p>\n\n\n\n<h3 class=\"wp-block-heading\">RECHTE DES DATENGEGENSTANDES<\/h3>\n\n\n\n<p>Die betroffene Person hat das Recht, ihre personenbezogenen Daten jederzeit einzusehen und kann sie korrigieren oder korrigieren lassen, wenn sie falsch oder unvollst\u00e4ndig sind, sie l\u00f6schen lassen, ihre Verarbeitung einschr\u00e4nken und der Verarbeitung der sie betreffenden personenbezogenen Daten auf der Grundlage des Artikels widersprechen 6.1 (f), einschlie\u00dflich Profilerstellung auf der Grundlage dieser Bestimmungen.<\/p>\n\n\n\n<p>Dar\u00fcber hinaus hat der Kunde das Recht, eine Kopie (in strukturierter, allgemeiner und maschinenlesbarer Form) seiner personenbezogenen Daten zu erhalten und die personenbezogenen Daten an eine andere Partei weiterleiten zu lassen, um von ihm benannt zu werden.<\/p>\n\n\n\n<p>Um die oben genannten Rechte auszu\u00fcben, wird der Kunde gebeten, eine E-Mail an die oben in dieser Datenschutzrichtlinie angegebene E-Mail-Adresse zu senden.<\/p>\n\n\n\n<h3 class=\"wp-block-heading\">BESCHWERDEN<\/h3>\n\n\n\n<p>Sie haben das Recht, eine Beschwerde bei der Kommission zum Schutz der Privatsph\u00e4re einzureichen (Drukpersstraat 35, 1000 Br\u00fcssel &#8211; Commission@privacycommission.be).<\/p>\n\n\n\n<h3 class=\"wp-block-heading\">COOKIES UND COOKIE-POLITIK<\/h3>\n\n\n\n<p>Als Besucher werden Daten anonym gesammelt und verarbeitet, um die Website zu verbessern. Retargetting wird nicht verwendet. Diese Daten umfassen technische Daten des Browsers, Besuchsdauer, besuchte Seiten, Klickpositionen.<\/p>\n\n\n\n<p>Wenn diese implizite Datenerfassung und \/ oder -verarbeitung nicht gew\u00fcnscht ist, kann ein Browser-Adblocker-Plugin wie \u00b5Block, AdBlock oder die Cookies auf Browserebene blockiert werden. Dies kann in jedem Browser \u00fcber die allgemeinen Einstellungen eingestellt werden.<\/p>\n\n\n\n<p><\/p>\n\n\n    <\/div>\n","protected":false},"excerpt":{"rendered":"","protected":false},"author":1,"featured_media":0,"parent":0,"menu_order":0,"comment_status":"closed","ping_status":"closed","template":"","meta":{"_acf_changed":false,"footnotes":""},"class_list":["post-2413","page","type-page","status-publish","hentry"],"acf":[],"_links":{"self":[{"href":"https:\/\/www.felicanis.be\/de\/wp-json\/wp\/v2\/pages\/2413","targetHints":{"allow":["GET"]}}],"collection":[{"href":"https:\/\/www.felicanis.be\/de\/wp-json\/wp\/v2\/pages"}],"about":[{"href":"https:\/\/www.felicanis.be\/de\/wp-json\/wp\/v2\/types\/page"}],"author":[{"embeddable":true,"href":"https:\/\/www.felicanis.be\/de\/wp-json\/wp\/v2\/users\/1"}],"replies":[{"embeddable":true,"href":"https:\/\/www.felicanis.be\/de\/wp-json\/wp\/v2\/comments?post=2413"}],"version-history":[{"count":5,"href":"https:\/\/www.felicanis.be\/de\/wp-json\/wp\/v2\/pages\/2413\/revisions"}],"predecessor-version":[{"id":2568,"href":"https:\/\/www.felicanis.be\/de\/wp-json\/wp\/v2\/pages\/2413\/revisions\/2568"}],"wp:attachment":[{"href":"https:\/\/www.felicanis.be\/de\/wp-json\/wp\/v2\/media?parent=2413"}],"curies":[{"name":"wp","href":"https:\/\/api.w.org\/{rel}","templated":true}]}}