{"id":2329,"date":"2020-12-09T14:03:29","date_gmt":"2020-12-09T13:03:29","guid":{"rendered":"http:\/\/45.152.250.15\/~felicanis\/accueil\/"},"modified":"2025-07-25T16:07:59","modified_gmt":"2025-07-25T14:07:59","slug":"accueil","status":"publish","type":"page","link":"https:\/\/www.felicanis.be\/fr\/","title":{"rendered":"Accueil"},"content":{"rendered":"<section class=\"growl-component-hero\" style=\"background-image: url(https://assets.felicanis.be/fr/https:\/\/assets.felicanis.be\/wp-content\/uploads\/cristian-castillo-73pyV0JJOmE-unsplash-e1697543430255.jpg)\">\n\t<div class=\"growl-component-advantages\">\n\t<div class=\"growl-component-container\">\n    \t\t\t<ul class=\"growl-component-advantages__list\">\n\t\t\t\t\t\t\t\t\t<li class=\"growl-component-advantages__point\">\n\t\t\t\t\t\t<div class=\"growl-component-advantages__check\"><svg xmlns=\"http:\/\/www.w3.org\/2000\/svg\" viewBox=\"0 0 512 512\"><!-- Font Awesome Pro 5.15.1 by @fontawesome - https:\/\/fontawesome.com License - https:\/\/fontawesome.com\/license (Commercial License) --><path d=\"M173.898 439.404l-166.4-166.4c-9.997-9.997-9.997-26.206 0-36.204l36.203-36.204c9.997-9.998 26.207-9.998 36.204 0L192 312.69 432.095 72.596c9.997-9.997 26.207-9.997 36.204 0l36.203 36.204c9.997 9.997 9.997 26.206 0 36.204l-294.4 294.401c-9.998 9.997-26.207 9.997-36.204-.001z\"\/><\/svg><\/div> LIVRAISON \u00c0 DOMICILE POSSIBLE\n\t\t\t\t\t<\/li>\n\t\t\t\t\t\t\t\t\t<li class=\"growl-component-advantages__point\">\n\t\t\t\t\t\t<div class=\"growl-component-advantages__check\"><svg xmlns=\"http:\/\/www.w3.org\/2000\/svg\" viewBox=\"0 0 512 512\"><!-- Font Awesome Pro 5.15.1 by @fontawesome - https:\/\/fontawesome.com License - https:\/\/fontawesome.com\/license (Commercial License) --><path d=\"M173.898 439.404l-166.4-166.4c-9.997-9.997-9.997-26.206 0-36.204l36.203-36.204c9.997-9.998 26.207-9.998 36.204 0L192 312.69 432.095 72.596c9.997-9.997 26.207-9.997 36.204 0l36.203 36.204c9.997 9.997 9.997 26.206 0 36.204l-294.4 294.401c-9.998 9.997-26.207 9.997-36.204-.001z\"\/><\/svg><\/div> 25+ ANS D&rsquo;EXP\u00c9RIENCE\n\t\t\t\t\t<\/li>\n\t\t\t\t\t\t\t\t\t<li class=\"growl-component-advantages__point\">\n\t\t\t\t\t\t<div class=\"growl-component-advantages__check\"><svg xmlns=\"http:\/\/www.w3.org\/2000\/svg\" viewBox=\"0 0 512 512\"><!-- Font Awesome Pro 5.15.1 by @fontawesome - https:\/\/fontawesome.com License - https:\/\/fontawesome.com\/license (Commercial License) --><path d=\"M173.898 439.404l-166.4-166.4c-9.997-9.997-9.997-26.206 0-36.204l36.203-36.204c9.997-9.998 26.207-9.998 36.204 0L192 312.69 432.095 72.596c9.997-9.997 26.207-9.997 36.204 0l36.203 36.204c9.997 9.997 9.997 26.206 0 36.204l-294.4 294.401c-9.998 9.997-26.207 9.997-36.204-.001z\"\/><\/svg><\/div> CHENIL AUTORIS\u00c9 AVEC GARANTIE\n\t\t\t\t\t<\/li>\n\t\t\t\t\t\t\t\t\t<li class=\"growl-component-advantages__point\">\n\t\t\t\t\t\t<div class=\"growl-component-advantages__check\"><svg xmlns=\"http:\/\/www.w3.org\/2000\/svg\" viewBox=\"0 0 512 512\"><!-- Font Awesome Pro 5.15.1 by @fontawesome - https:\/\/fontawesome.com License - https:\/\/fontawesome.com\/license (Commercial License) --><path d=\"M173.898 439.404l-166.4-166.4c-9.997-9.997-9.997-26.206 0-36.204l36.203-36.204c9.997-9.998 26.207-9.998 36.204 0L192 312.69 432.095 72.596c9.997-9.997 26.207-9.997 36.204 0l36.203 36.204c9.997 9.997 9.997 26.206 0 36.204l-294.4 294.401c-9.998 9.997-26.207 9.997-36.204-.001z\"\/><\/svg><\/div> 100% CONFORMIT\u00c9 DES LOIS\n\t\t\t\t\t<\/li>\n\t\t\t\t\t\t\t\t\t<li class=\"growl-component-advantages__point\">\n\t\t\t\t\t\t<div class=\"growl-component-advantages__check\"><svg xmlns=\"http:\/\/www.w3.org\/2000\/svg\" viewBox=\"0 0 512 512\"><!-- Font Awesome Pro 5.15.1 by @fontawesome - https:\/\/fontawesome.com License - https:\/\/fontawesome.com\/license (Commercial License) --><path d=\"M173.898 439.404l-166.4-166.4c-9.997-9.997-9.997-26.206 0-36.204l36.203-36.204c9.997-9.998 26.207-9.998 36.204 0L192 312.69 432.095 72.596c9.997-9.997 26.207-9.997 36.204 0l36.203 36.204c9.997 9.997 9.997 26.206 0 36.204l-294.4 294.401c-9.998 9.997-26.207 9.997-36.204-.001z\"\/><\/svg><\/div> BON GUIDAGE\n\t\t\t\t\t<\/li>\n\t\t\t\t\t\t\t<\/ul>\n\t\t<\/div>\n<\/div>    <div class=\"growl-component-container\">\n                <div class=\"growl-component-hero__wrapper\">            \n                <h1><span class=\"VIiyi\" lang=\"fr\"><span class=\"JLqJ4b ChMk0b\" data-language-for-alternatives=\"fr\" data-language-to-translate-into=\"nl\" data-phrase-index=\"0\"><a href=\"https:\/\/www.felicanis.be\/fr\/chiots\/\">Chenil <\/a>sp\u00e9cialis\u00e9.<\/span><\/span><\/h1>\n              \n            <\/div>\n            <\/div>\n             \n<\/section>\n\n\n<section class=\"growl-component-popular-breeds growl-component-popular-breeds--has-bg\">\n    <div class=\"growl-component-container\">\n                <div class=\"growl-component-popular-breeds__wrapper\">\n                <div class=\"growl-component-popular-breeds__header\">\n                    \n<div class=\"growl-component-heading growl-component-heading--margin-md\">\n    <div class=\"h3\">Chiots populaires<\/div>\n    <\/div>\n                                            \n    \n<a href='https:\/\/www.felicanis.be\/fr\/chiots\/' class=\"growl-component-button\" role=\"button\" >\n            Toutes les chiots\n    <\/a>\n                                    <\/div>\n                <div class=\"growl-component-popular-breeds__items\">\n                                                                    <article class=\"growl-component-breed-card \"  >\n\t<figure class=\"growl-component-breed-card__figure\">\n\t\t\t\t\t<div class=\"growl-component-breed-card__availability\">\n\t\t\t\tDisponible\n\t\t\t<\/div>\n\t\t\t\t<a href=\"https:\/\/www.felicanis.be\/fr\/race\/berger-australien\/\" class=\"growl-component-breed-card__photo\">\n\t\t\t<img decoding=\"async\" src=\"https:\/\/assets.felicanis.be\/wp-content\/uploads\/australische-herder-300x214.jpg\" alt=\"Berger australien\" width=\"300\" height=\"214\">\n\t\t<\/a>\n\t\t<figcaption class=\"growl-component-breed-card__caption\">\n\t\t\t<a href=\"https:\/\/www.felicanis.be\/fr\/race\/berger-australien\/\">Berger australien<\/a>\n\t\t<\/figcaption>\n\t<\/figure>\n<\/article>\n                                                                    <article class=\"growl-component-breed-card \"  >\n\t<figure class=\"growl-component-breed-card__figure\">\n\t\t\t\t\t<div class=\"growl-component-breed-card__availability\">\n\t\t\t\tDisponible\n\t\t\t<\/div>\n\t\t\t\t<a href=\"https:\/\/www.felicanis.be\/fr\/race\/berger-allemand\/\" class=\"growl-component-breed-card__photo\">\n\t\t\t<img decoding=\"async\" src=\"https:\/\/assets.felicanis.be\/wp-content\/uploads\/duitse-herder-200x300.jpg\" alt=\"Berger allemand\" width=\"200\" height=\"300\">\n\t\t<\/a>\n\t\t<figcaption class=\"growl-component-breed-card__caption\">\n\t\t\t<a href=\"https:\/\/www.felicanis.be\/fr\/race\/berger-allemand\/\">Berger allemand<\/a>\n\t\t<\/figcaption>\n\t<\/figure>\n<\/article>\n                                                                    <article class=\"growl-component-breed-card \"  >\n\t<figure class=\"growl-component-breed-card__figure\">\n\t\t\t\t<a href=\"https:\/\/www.felicanis.be\/fr\/race\/labrador\/\" class=\"growl-component-breed-card__photo\">\n\t\t\t<img decoding=\"async\" src=\"https:\/\/assets.felicanis.be\/wp-content\/uploads\/labrador-e1599756628794-246x300.jpg\" alt=\"Labrador\" width=\"246\" height=\"300\">\n\t\t<\/a>\n\t\t<figcaption class=\"growl-component-breed-card__caption\">\n\t\t\t<a href=\"https:\/\/www.felicanis.be\/fr\/race\/labrador\/\">Labrador<\/a>\n\t\t<\/figcaption>\n\t<\/figure>\n<\/article>\n                                                                    <article class=\"growl-component-breed-card \"  >\n\t<figure class=\"growl-component-breed-card__figure\">\n\t\t\t\t<a href=\"https:\/\/www.felicanis.be\/fr\/race\/maltais\/\" class=\"growl-component-breed-card__photo\">\n\t\t\t<img decoding=\"async\" src=\"https:\/\/assets.felicanis.be\/wp-content\/uploads\/maltezer-300x300.jpg\" alt=\"maltais\" width=\"300\" height=\"300\">\n\t\t<\/a>\n\t\t<figcaption class=\"growl-component-breed-card__caption\">\n\t\t\t<a href=\"https:\/\/www.felicanis.be\/fr\/race\/maltais\/\">maltais<\/a>\n\t\t<\/figcaption>\n\t<\/figure>\n<\/article>\n                                                                    <article class=\"growl-component-breed-card \"  >\n\t<figure class=\"growl-component-breed-card__figure\">\n\t\t\t\t\t<div class=\"growl-component-breed-card__availability\">\n\t\t\t\tDisponible\n\t\t\t<\/div>\n\t\t\t\t<a href=\"https:\/\/www.felicanis.be\/fr\/race\/pomeranien-2\/\" class=\"growl-component-breed-card__photo\">\n\t\t\t<img decoding=\"async\" src=\"https:\/\/assets.felicanis.be\/wp-content\/uploads\/pomeriaan_SS_267743438_small-189x300.jpg\" alt=\"pom\u00e9ranien\" width=\"189\" height=\"300\">\n\t\t<\/a>\n\t\t<figcaption class=\"growl-component-breed-card__caption\">\n\t\t\t<a href=\"https:\/\/www.felicanis.be\/fr\/race\/pomeranien-2\/\">pom\u00e9ranien<\/a>\n\t\t<\/figcaption>\n\t<\/figure>\n<\/article>\n                                                                    <article class=\"growl-component-breed-card \"  >\n\t<figure class=\"growl-component-breed-card__figure\">\n\t\t\t\t<a href=\"https:\/\/www.felicanis.be\/fr\/race\/yorkshire-terrier\/\" class=\"growl-component-breed-card__photo\">\n\t\t\t<img decoding=\"async\" src=\"https:\/\/assets.felicanis.be\/wp-content\/uploads\/york-shire-235x300.jpg\" alt=\"Yorkshire Terrier\" width=\"235\" height=\"300\">\n\t\t<\/a>\n\t\t<figcaption class=\"growl-component-breed-card__caption\">\n\t\t\t<a href=\"https:\/\/www.felicanis.be\/fr\/race\/yorkshire-terrier\/\">Yorkshire Terrier<\/a>\n\t\t<\/figcaption>\n\t<\/figure>\n<\/article>\n                                    <\/div>\n            <\/div>\n        <\/div>\n<\/section>\n\n\n\n\n<section class=\"growl-component-visual growl-component-visual--has-bg growl-component-visual--is-over-media growl-component-visual--has-media\">\n    <div class=\"growl-component-container\">\n                                <figure class=\"growl-component-visual__media growl-component-visual__media--image\">\n                                            <img decoding=\"async\" src=\"https:\/\/assets.felicanis.be\/wp-content\/uploads\/felicanis-5-1-1024x768-1.jpeg\" alt=\"\" width=\"1024\" height=\"768\">\n                                    <\/figure>\n                        <article class=\"growl-component-visual__content\">\n                \n<div class=\"growl-component-heading growl-component-heading--margin-md\">\n    <div class=\"h1\">Pour l&rsquo;amour des animaux<\/div>\n    <\/div>\n                <div class=\"growl-component-visual__text\">\n                    <p>Felicanis est un chenil innovant o\u00f9 le bien-\u00eatre des animaux est primordial. Nous avons plus de 25 ans d&rsquo;exp\u00e9rience dans ce domaine et sommes sp\u00e9cialis\u00e9s dans les beaux <a href=\"https:\/\/www.felicanis.be\/fr\/chiots\/\">chiots<\/a>.<\/p>\n<p>Nous aimons les animaux. C&rsquo;est pourquoi nous suivons strictement la l\u00e9gislation belge. Bien s\u00fbr, cela ne s&rsquo;arr\u00eate pas l\u00e0. Nous leur apportons \u00e9galement les soins m\u00e9dicaux et l&rsquo;amour n\u00e9cessaires pendant leur \u00e9ducation. De plus, nous offrons suffisamment d&rsquo;espace (\u00e9galement \u00e0 l&rsquo;ext\u00e9rieur) pour que nos chiots et nos chatons puissent se d\u00e9fouler.<\/p>\n\n                <\/div>\n                                    \n    \n<a href='https:\/\/www.felicanis.be\/fr\/a-propos-de-nous\/' class=\"growl-component-button\" role=\"button\" >\n            \u00c0 propos de nous\n    <\/a>\n                            <\/article>\n        <\/div>\n<\/section>\n","protected":false},"excerpt":{"rendered":"","protected":false},"author":1,"featured_media":0,"parent":0,"menu_order":0,"comment_status":"closed","ping_status":"closed","template":"","meta":{"_acf_changed":false,"footnotes":""},"class_list":["post-2329","page","type-page","status-publish","hentry"],"acf":[],"_links":{"self":[{"href":"https:\/\/www.felicanis.be\/fr\/wp-json\/wp\/v2\/pages\/2329","targetHints":{"allow":["GET"]}}],"collection":[{"href":"https:\/\/www.felicanis.be\/fr\/wp-json\/wp\/v2\/pages"}],"about":[{"href":"https:\/\/www.felicanis.be\/fr\/wp-json\/wp\/v2\/types\/page"}],"author":[{"embeddable":true,"href":"https:\/\/www.felicanis.be\/fr\/wp-json\/wp\/v2\/users\/1"}],"replies":[{"embeddable":true,"href":"https:\/\/www.felicanis.be\/fr\/wp-json\/wp\/v2\/comments?post=2329"}],"version-history":[{"count":11,"href":"https:\/\/www.felicanis.be\/fr\/wp-json\/wp\/v2\/pages\/2329\/revisions"}],"predecessor-version":[{"id":3117,"href":"https:\/\/www.felicanis.be\/fr\/wp-json\/wp\/v2\/pages\/2329\/revisions\/3117"}],"wp:attachment":[{"href":"https:\/\/www.felicanis.be\/fr\/wp-json\/wp\/v2\/media?parent=2329"}],"curies":[{"name":"wp","href":"https:\/\/api.w.org\/{rel}","templated":true}]}}