{"id":2352,"date":"2020-12-09T14:03:39","date_gmt":"2020-12-09T13:03:39","guid":{"rendered":"http:\/\/45.152.250.15\/~felicanis\/reservation\/"},"modified":"2021-07-01T17:07:13","modified_gmt":"2021-07-01T15:07:13","slug":"reservation","status":"publish","type":"page","link":"https:\/\/www.felicanis.be\/fr\/reservation\/","title":{"rendered":"R\u00e9servation"},"content":{"rendered":"\n<p>Savez-vous quel chiot ou chaton vous voulez? Faites ensuite une r\u00e9servation.<\/p>\n\n\n\n<p>A partir du moment o\u00f9 le paiement est effectu\u00e9, nous gardons le chiot ou le chaton souhait\u00e9 de c\u00f4t\u00e9 sp\u00e9cialement pour vous. De cette fa\u00e7on, vous pouvez \u00eatre s\u00fbr que votre vari\u00e9t\u00e9 pr\u00e9f\u00e9r\u00e9e est d\u00e9finitivement disponible.<\/p>\n\n\n\n<p>Avant de faire votre r\u00e9servation, sachez : \u00ab\u00a0un animal, c&rsquo;est pour la vie, pas pour un petit moment\u00a0\u00bb. Nous vous encourageons \u00e0 passer et \u00e0 rencontrer l&rsquo;animal. La livraison \u00e0 domicile fait l&rsquo;objet d&rsquo;un suppl\u00e9ment, conform\u00e9ment \u00e0 nos <a href=\"https:\/\/www.felicanis.be\/fr\/termes-et-conditions\/\" class=\"rank-math-link\">conditions g\u00e9n\u00e9rales<\/a>.<\/p>\n","protected":false},"excerpt":{"rendered":"<p>Savez-vous quel chiot ou chaton vous voulez? Faites ensuite une r\u00e9servation. A partir du moment o\u00f9 le paiement est effectu\u00e9, nous gardons le chiot ou le chaton souhait\u00e9 de c\u00f4t\u00e9 sp\u00e9cialement pour vous. De cette fa\u00e7on, vous pouvez \u00eatre s\u00fbr que votre vari\u00e9t\u00e9 pr\u00e9f\u00e9r\u00e9e est d\u00e9finitivement disponible. Avant de faire votre r\u00e9servation, sachez : \u00ab\u00a0un [&hellip;]<\/p>\n","protected":false},"author":1,"featured_media":0,"parent":0,"menu_order":0,"comment_status":"closed","ping_status":"closed","template":"template-reservation.php","meta":{"_acf_changed":false,"footnotes":""},"class_list":["post-2352","page","type-page","status-publish","hentry"],"acf":[],"_links":{"self":[{"href":"https:\/\/www.felicanis.be\/fr\/wp-json\/wp\/v2\/pages\/2352","targetHints":{"allow":["GET"]}}],"collection":[{"href":"https:\/\/www.felicanis.be\/fr\/wp-json\/wp\/v2\/pages"}],"about":[{"href":"https:\/\/www.felicanis.be\/fr\/wp-json\/wp\/v2\/types\/page"}],"author":[{"embeddable":true,"href":"https:\/\/www.felicanis.be\/fr\/wp-json\/wp\/v2\/users\/1"}],"replies":[{"embeddable":true,"href":"https:\/\/www.felicanis.be\/fr\/wp-json\/wp\/v2\/comments?post=2352"}],"version-history":[{"count":5,"href":"https:\/\/www.felicanis.be\/fr\/wp-json\/wp\/v2\/pages\/2352\/revisions"}],"predecessor-version":[{"id":2787,"href":"https:\/\/www.felicanis.be\/fr\/wp-json\/wp\/v2\/pages\/2352\/revisions\/2787"}],"wp:attachment":[{"href":"https:\/\/www.felicanis.be\/fr\/wp-json\/wp\/v2\/media?parent=2352"}],"curies":[{"name":"wp","href":"https:\/\/api.w.org\/{rel}","templated":true}]}}