{"id":2388,"date":"2020-12-09T14:03:50","date_gmt":"2020-12-09T13:03:50","guid":{"rendered":"http:\/\/45.152.250.15\/~felicanis\/a-propos-de-nous\/"},"modified":"2023-10-17T13:59:59","modified_gmt":"2023-10-17T11:59:59","slug":"a-propos-de-nous","status":"publish","type":"page","link":"https:\/\/www.felicanis.be\/fr\/a-propos-de-nous\/","title":{"rendered":"\u00c0 propos de nous"},"content":{"rendered":"\n<div class=\"growl-component-container\">\n            \n\n<h1 class=\"wp-block-heading\">\u00c0 propos de Felicanis<\/h1>\n\n\n    <\/div>\n\n\n\n\n<section class=\"growl-component-visual growl-component-visual--has-media\">\n    <div class=\"growl-component-container\">\n                                <figure class=\"growl-component-visual__media growl-component-visual__media--image\">\n                                            <img decoding=\"async\" src=\"https:\/\/assets.felicanis.be\/wp-content\/uploads\/WhatsApp-Image-2023-09-27-at-08.44.54-1024x768.jpeg\" alt=\"\" width=\"1024\" height=\"768\">\n                                    <\/figure>\n                        <article class=\"growl-component-visual__content\">\n                \n<div class=\"growl-component-heading growl-component-heading--margin-md\">\n    <div class=\"h1\"><\/div>\n    <\/div>\n                <div class=\"growl-component-visual__text\">\n                    <p>Felicanis est un chenil innovant o\u00f9 le bien-\u00eatre des animaux est primordial. Nous avons plus de 25 ans d&rsquo;exp\u00e9rience dans ce domaine et sommes sp\u00e9cialis\u00e9s dans les beaux chiots.<\/p>\n<p>Nous aimons les animaux. C&rsquo;est pourquoi nous suivons strictement la l\u00e9gislation belge. Bien s\u00fbr, cela ne s&rsquo;arr\u00eate pas l\u00e0. Nous leur apportons \u00e9galement les soins m\u00e9dicaux et l&rsquo;amour n\u00e9cessaires pendant leur \u00e9ducation. De plus, nous offrons suffisamment d&rsquo;espace (\u00e9galement \u00e0 l&rsquo;ext\u00e9rieur) pour que nos <a href=\"https:\/\/www.felicanis.be\/fr\/chiots\/\">chiots<\/a> puissent se d\u00e9fouler.<\/p>\n\n                <\/div>\n                                    \n    \n<a href='https:\/\/www.felicanis.be\/contact\/' class=\"growl-component-button\" role=\"button\" >\n            Contactez-nous\n    <\/a>\n                            <\/article>\n        <\/div>\n<\/section>\n","protected":false},"excerpt":{"rendered":"","protected":false},"author":1,"featured_media":0,"parent":0,"menu_order":0,"comment_status":"closed","ping_status":"closed","template":"","meta":{"_acf_changed":false,"footnotes":""},"class_list":["post-2388","page","type-page","status-publish","hentry"],"acf":[],"_links":{"self":[{"href":"https:\/\/www.felicanis.be\/fr\/wp-json\/wp\/v2\/pages\/2388","targetHints":{"allow":["GET"]}}],"collection":[{"href":"https:\/\/www.felicanis.be\/fr\/wp-json\/wp\/v2\/pages"}],"about":[{"href":"https:\/\/www.felicanis.be\/fr\/wp-json\/wp\/v2\/types\/page"}],"author":[{"embeddable":true,"href":"https:\/\/www.felicanis.be\/fr\/wp-json\/wp\/v2\/users\/1"}],"replies":[{"embeddable":true,"href":"https:\/\/www.felicanis.be\/fr\/wp-json\/wp\/v2\/comments?post=2388"}],"version-history":[{"count":10,"href":"https:\/\/www.felicanis.be\/fr\/wp-json\/wp\/v2\/pages\/2388\/revisions"}],"predecessor-version":[{"id":3034,"href":"https:\/\/www.felicanis.be\/fr\/wp-json\/wp\/v2\/pages\/2388\/revisions\/3034"}],"wp:attachment":[{"href":"https:\/\/www.felicanis.be\/fr\/wp-json\/wp\/v2\/media?parent=2388"}],"curies":[{"name":"wp","href":"https:\/\/api.w.org\/{rel}","templated":true}]}}